{"id":29,"date":"2021-05-05T03:42:40","date_gmt":"2021-05-05T03:42:40","guid":{"rendered":"http:\/\/mapinternational.net.au\/?page_id=29"},"modified":"2023-02-13T15:16:41","modified_gmt":"2023-02-13T05:16:41","slug":"contact","status":"publish","type":"page","link":"https:\/\/mapinternational.net.au\/fr\/contact\/","title":{"rendered":"Contact"},"content":{"rendered":"<div class=\"wp-block-getwid-section page-header alignfull\"><div class=\"wp-block-getwid-section__wrapper getwid-padding-top-large getwid-padding-bottom-large getwid-padding-left-medium getwid-padding-right-medium\"><div class=\"wp-block-getwid-section__inner-wrapper\"><div class=\"wp-block-getwid-section__background-holder\"><div class=\"wp-block-getwid-section__background\" style=\"background-image:url('http:\/\/mapinternational.net.au\/wp-content\/uploads\/2023\/02\/inner-page-banner.jpg')\"><div class=\"wp-block-getwid-section__background-image-wrapper\"><img decoding=\"async\" class=\"wp-block-getwid-section__background-image\" src=\"http:\/\/mapinternational.net.au\/wp-content\/uploads\/2023\/02\/inner-page-banner.jpg\" alt=\"\"\/><\/div><\/div><div class=\"wp-block-getwid-section__foreground\" style=\"opacity:0.6;background-color:#232324\"><\/div><\/div><div class=\"wp-block-getwid-section__content\"><div class=\"wp-block-getwid-section__inner-content\">\n<div class=\"wp-block-getwid-advanced-spacer\" style=\"height:100px\" aria-hidden=\"true\"><\/div>\n\n\n\n<h1 class=\"has-white-color has-text-color wp-block-heading\">Nous contacter<\/h1>\n\n\n<p><span><span><a href=\"https:\/\/mapinternational.net.au\/fr\/\">Accueil<\/a><\/span><\/p>\n<\/div><\/div><\/div><\/div><\/div>\n\n\n\n<div class=\"wp-block-getwid-section alignfull alignfull\"><div class=\"wp-block-getwid-section__wrapper getwid-padding-top-large\"><div class=\"wp-block-getwid-section__inner-wrapper\"><div class=\"wp-block-getwid-section__background-holder\"><div class=\"wp-block-getwid-section__background\"><\/div><div class=\"wp-block-getwid-section__foreground\"><\/div><\/div><div class=\"wp-block-getwid-section__content\"><div class=\"wp-block-getwid-section__inner-content\">\n<div class=\"wp-block-columns is-layout-flex wp-container-core-columns-is-layout-28f84493 wp-block-columns-is-layout-flex\">\n<div class=\"wp-block-column is-layout-flow wp-block-column-is-layout-flow\" style=\"flex-basis:66.66%\">\n<h2 class=\"wp-block-heading\">Comment pouvons-nous vous aider ?<\/h2>\n\n\n<p><div role=\"form\" class=\"wpcf7\" id=\"wpcf7-f65-o1\" lang=\"en-AU\" dir=\"ltr\">\n<div class=\"screen-reader-response\"><p role=\"status\" aria-live=\"polite\" aria-atomic=\"true\"><\/p> <ul><\/ul><\/div>\n<form action=\"\/fr\/wp-json\/wp\/v2\/pages\/29#wpcf7-f65-o1\" method=\"post\" class=\"wpcf7-form init\" novalidate=\"novalidate\" data-status=\"init\" data-trp-original-action=\"\/fr\/wp-json\/wp\/v2\/pages\/29#wpcf7-f65-o1\">\n<div style=\"display: none;\">\n<input type=\"hidden\" name=\"_wpcf7\" value=\"65\" \/>\n<input type=\"hidden\" name=\"_wpcf7_version\" value=\"5.6.3\" \/>\n<input type=\"hidden\" name=\"_wpcf7_locale\" value=\"en_AU\" \/>\n<input type=\"hidden\" name=\"_wpcf7_unit_tag\" value=\"wpcf7-f65-o1\" \/>\n<input type=\"hidden\" name=\"_wpcf7_container_post\" value=\"0\" \/>\n<input type=\"hidden\" name=\"_wpcf7_posted_data_hash\" value=\"\" \/>\n<input type=\"hidden\" name=\"_wpcf7_recaptcha_response\" value=\"\" \/>\n<\/div>\n<p><label for=\"first-name\" class=\"sixcol first\"><span>Pr\u00e9nom*<\/span><span class=\"wpcf7-form-control-wrap\" data-name=\"first-name\"><input type=\"text\" name=\"first-name\" value=\"\" size=\"40\" class=\"wpcf7-form-control wpcf7-text wpcf7-validates-as-required\" id=\"first-name\" aria-required=\"true\" aria-invalid=\"false\" \/><\/span><\/label><br \/>\n<label for=\"last-name\" class=\"sixcol last\"><span>Nom*<\/span><span class=\"wpcf7-form-control-wrap\" data-name=\"last-name\"><input type=\"text\" name=\"last-name\" value=\"\" size=\"40\" class=\"wpcf7-form-control wpcf7-text wpcf7-validates-as-required\" id=\"last-name\" aria-required=\"true\" aria-invalid=\"false\" \/><\/span><\/label><br \/>\n<label for=\"your-email\"><span>Adresse email*<\/span><span class=\"wpcf7-form-control-wrap\" data-name=\"your-email\"><input type=\"email\" name=\"your-email\" value=\"\" size=\"40\" class=\"wpcf7-form-control wpcf7-text wpcf7-email wpcf7-validates-as-required wpcf7-validates-as-email\" id=\"your-email\" aria-required=\"true\" aria-invalid=\"false\" placeholder=\"votrenom@exemple.fr\" \/><\/span><\/label><br \/>\n<label for=\"phone-number\" class=\"sixcol first\"><span>Num\u00e9ro de t\u00e9l\u00e9phone<\/span><span class=\"wpcf7-form-control-wrap\" data-name=\"phone-number\"><input type=\"tel\" name=\"phone-number\" value=\"\" size=\"40\" class=\"wpcf7-form-control wpcf7-text wpcf7-tel wpcf7-validates-as-required wpcf7-validates-as-tel\" aria-required=\"true\" aria-invalid=\"false\" placeholder=\"Votre meilleur contact t\u00e9l\u00e9phonique\" \/><\/span><\/label><br \/>\n<label for=\"Suburb\" class=\"sixcol last\"><span>Ville<\/span><span class=\"wpcf7-form-control-wrap\" data-name=\"suburb\"><input type=\"text\" name=\"suburb\" value=\"\" size=\"40\" class=\"wpcf7-form-control wpcf7-text wpcf7-validates-as-required\" aria-required=\"true\" aria-invalid=\"false\" placeholder=\"Ville\" \/><\/span><\/label>\n<div class=\"clear\"><\/div>\n<p><input type=\"hidden\" name=\"your-name\" id=\"your-name\" value=\"\"\/><input type=\"hidden\" name=\"your-subject\" value=\"General Enquiry Form Submission\" \/><br \/>\n<label for=\"your-message\" class=\"cf\"><span>S\u2019il vous pla\u00eet dites-nous en quoi consiste votre demande<\/span><span class=\"wpcf7-form-control-wrap\" data-name=\"your-message\"><textarea name=\"your-message\" cols=\"40\" rows=\"10\" class=\"wpcf7-form-control wpcf7-textarea\" id=\"your-message\" aria-invalid=\"false\" placeholder=\"Par exemple : J&#039;ai besoin d&#039;un devis pour le transport .....\"><\/textarea><\/span><\/label><br \/>\n<span class=\"clear\"><\/span><\/p>\n\n<p><input type=\"submit\" value=\"Envoi\" class=\"wpcf7-form-control has-spinner wpcf7-submit\" \/><\/p>\n<p class=\"small-text\">* indique un champ obligatoire.<\/p>\n<div class=\"wpcf7-response-output\" aria-hidden=\"true\"><\/div><input type=\"hidden\" name=\"trp-form-language\" value=\"fr\"\/><\/form><\/div><\/p>\n<\/div>\n\n\n\n<div class=\"wp-block-column is-layout-flow wp-block-column-is-layout-flow\" style=\"padding-left:1em;flex-basis:33.33%\">\n<h3 class=\"wp-block-heading\">Connectez-vous avec nous !<\/h3>\n\n\n\n<h4 class=\"has-custom-colour-1-color has-text-color wp-block-heading\"><strong>Agence d'Australie<\/strong><\/h4>\n\n\n\n<p><strong><a href=\"tel:+687354501\">+61 439 396 308<\/a><\/strong><\/p>\n\n\n\n<p>14 \u2013 22 Howard Street \u2013 Nambour \u2013 QLD 4560<br><\/p>\n\n\n\n<h4 class=\"has-custom-colour-1-color has-text-color wp-block-heading\"><strong>Agence de Nouvelle Cal\u00e9donie<\/strong><\/h4>\n\n\n\n<p><strong><a href=\"tel:+687354501\">+687 35 45 01<\/a><\/strong><\/p>\n\n\n\n<p>22 Avenue Des G\u00e9om\u00e8tres Pionniers \u2013 ZAC Panda \u2013 98835 \u2013 Dumb\u00e9a - Nouvelle Cal\u00e9donie&nbsp;<\/p>\n<\/div>\n<\/div>\n<\/div><\/div><\/div><\/div><\/div>","protected":false},"excerpt":{"rendered":"","protected":false},"author":1,"featured_media":0,"parent":0,"menu_order":0,"comment_status":"closed","ping_status":"closed","template":"","meta":{"footnotes":""},"class_list":["post-29","page","type-page","status-publish","hentry"],"yoast_head":"<!-- This site is optimized with the Yoast SEO plugin v19.6.1 - https:\/\/yoast.com\/wordpress\/plugins\/seo\/ -->\n<title>Contact - Map International<\/title>\n<meta name=\"robots\" content=\"index, follow, max-snippet:-1, max-image-preview:large, max-video-preview:-1\" \/>\n<link rel=\"canonical\" href=\"https:\/\/mapinternational.net.au\/fr\/contact\/\" \/>\n<meta property=\"og:locale\" content=\"fr_FR\" \/>\n<meta property=\"og:type\" content=\"article\" \/>\n<meta property=\"og:title\" content=\"Contact - Map International\" \/>\n<meta property=\"og:url\" content=\"https:\/\/mapinternational.net.au\/fr\/contact\/\" \/>\n<meta property=\"og:site_name\" content=\"Map International\" \/>\n<meta property=\"article:modified_time\" content=\"2023-02-13T05:16:41+00:00\" \/>\n<meta property=\"og:image\" content=\"http:\/\/mapinternational.net.au\/wp-content\/uploads\/2023\/02\/inner-page-banner.jpg\" \/>\n<meta name=\"twitter:card\" content=\"summary_large_image\" \/>\n<meta name=\"twitter:label1\" content=\"Dur\u00e9e de lecture estim\u00e9e\" \/>\n\t<meta name=\"twitter:data1\" content=\"1 minute\" \/>\n<script type=\"application\/ld+json\" class=\"yoast-schema-graph\">{\"@context\":\"https:\/\/schema.org\",\"@graph\":[{\"@type\":\"WebPage\",\"@id\":\"https:\/\/mapinternational.net.au\/contact\/\",\"url\":\"https:\/\/mapinternational.net.au\/contact\/\",\"name\":\"Contact - Map International\",\"isPartOf\":{\"@id\":\"https:\/\/mapinternational.net.au\/#website\"},\"datePublished\":\"2021-05-05T03:42:40+00:00\",\"dateModified\":\"2023-02-13T05:16:41+00:00\",\"breadcrumb\":{\"@id\":\"https:\/\/mapinternational.net.au\/contact\/#breadcrumb\"},\"inLanguage\":\"fr-FR\",\"potentialAction\":[{\"@type\":\"ReadAction\",\"target\":[\"https:\/\/mapinternational.net.au\/contact\/\"]}]},{\"@type\":\"BreadcrumbList\",\"@id\":\"https:\/\/mapinternational.net.au\/contact\/#breadcrumb\",\"itemListElement\":[{\"@type\":\"ListItem\",\"position\":1,\"name\":\"Home\",\"item\":\"https:\/\/mapinternational.net.au\/\"},{\"@type\":\"ListItem\",\"position\":2,\"name\":\"Contact\"}]},{\"@type\":\"WebSite\",\"@id\":\"https:\/\/mapinternational.net.au\/#website\",\"url\":\"https:\/\/mapinternational.net.au\/\",\"name\":\"Map International\",\"description\":\"Express Courier | Freight Forwarding | Customs | Domestic Logistics\",\"publisher\":{\"@id\":\"https:\/\/mapinternational.net.au\/#organization\"},\"potentialAction\":[{\"@type\":\"SearchAction\",\"target\":{\"@type\":\"EntryPoint\",\"urlTemplate\":\"https:\/\/mapinternational.net.au\/?s={search_term_string}\"},\"query-input\":\"required name=search_term_string\"}],\"inLanguage\":\"fr-FR\"},{\"@type\":\"Organization\",\"@id\":\"https:\/\/mapinternational.net.au\/#organization\",\"name\":\"Map International\",\"url\":\"https:\/\/mapinternational.net.au\/\",\"sameAs\":[],\"logo\":{\"@type\":\"ImageObject\",\"inLanguage\":\"fr-FR\",\"@id\":\"https:\/\/mapinternational.net.au\/#\/schema\/logo\/image\/\",\"url\":\"https:\/\/mapinternational.net.au\/wp-content\/uploads\/2022\/10\/logo-1.svg\",\"contentUrl\":\"https:\/\/mapinternational.net.au\/wp-content\/uploads\/2022\/10\/logo-1.svg\",\"caption\":\"Map International\"},\"image\":{\"@id\":\"https:\/\/mapinternational.net.au\/#\/schema\/logo\/image\/\"}}]}<\/script>\n<!-- \/ Yoast SEO plugin. -->","yoast_head_json":{"title":"Contact - Map International","robots":{"index":"index","follow":"follow","max-snippet":"max-snippet:-1","max-image-preview":"max-image-preview:large","max-video-preview":"max-video-preview:-1"},"canonical":"https:\/\/mapinternational.net.au\/fr\/contact\/","og_locale":"fr_FR","og_type":"article","og_title":"Contact - Map International","og_url":"https:\/\/mapinternational.net.au\/fr\/contact\/","og_site_name":"Map International","article_modified_time":"2023-02-13T05:16:41+00:00","og_image":[{"url":"http:\/\/mapinternational.net.au\/wp-content\/uploads\/2023\/02\/inner-page-banner.jpg"}],"twitter_card":"summary_large_image","twitter_misc":{"Dur\u00e9e de lecture estim\u00e9e":"1 minute"},"schema":{"@context":"https:\/\/schema.org","@graph":[{"@type":"WebPage","@id":"https:\/\/mapinternational.net.au\/contact\/","url":"https:\/\/mapinternational.net.au\/contact\/","name":"Contact - Map International","isPartOf":{"@id":"https:\/\/mapinternational.net.au\/#website"},"datePublished":"2021-05-05T03:42:40+00:00","dateModified":"2023-02-13T05:16:41+00:00","breadcrumb":{"@id":"https:\/\/mapinternational.net.au\/contact\/#breadcrumb"},"inLanguage":"fr-FR","potentialAction":[{"@type":"ReadAction","target":["https:\/\/mapinternational.net.au\/contact\/"]}]},{"@type":"BreadcrumbList","@id":"https:\/\/mapinternational.net.au\/contact\/#breadcrumb","itemListElement":[{"@type":"ListItem","position":1,"name":"Home","item":"https:\/\/mapinternational.net.au\/"},{"@type":"ListItem","position":2,"name":"Contact"}]},{"@type":"WebSite","@id":"https:\/\/mapinternational.net.au\/#website","url":"https:\/\/mapinternational.net.au\/","name":"Map International","description":"Express Courier | Freight Forwarding | Customs | Domestic Logistics","publisher":{"@id":"https:\/\/mapinternational.net.au\/#organization"},"potentialAction":[{"@type":"SearchAction","target":{"@type":"EntryPoint","urlTemplate":"https:\/\/mapinternational.net.au\/?s={search_term_string}"},"query-input":"required name=search_term_string"}],"inLanguage":"fr-FR"},{"@type":"Organization","@id":"https:\/\/mapinternational.net.au\/#organization","name":"Map International","url":"https:\/\/mapinternational.net.au\/","sameAs":[],"logo":{"@type":"ImageObject","inLanguage":"fr-FR","@id":"https:\/\/mapinternational.net.au\/#\/schema\/logo\/image\/","url":"https:\/\/mapinternational.net.au\/wp-content\/uploads\/2022\/10\/logo-1.svg","contentUrl":"https:\/\/mapinternational.net.au\/wp-content\/uploads\/2022\/10\/logo-1.svg","caption":"Map International"},"image":{"@id":"https:\/\/mapinternational.net.au\/#\/schema\/logo\/image\/"}}]}},"_links":{"self":[{"href":"https:\/\/mapinternational.net.au\/fr\/wp-json\/wp\/v2\/pages\/29","targetHints":{"allow":["GET"]}}],"collection":[{"href":"https:\/\/mapinternational.net.au\/fr\/wp-json\/wp\/v2\/pages"}],"about":[{"href":"https:\/\/mapinternational.net.au\/fr\/wp-json\/wp\/v2\/types\/page"}],"author":[{"embeddable":true,"href":"https:\/\/mapinternational.net.au\/fr\/wp-json\/wp\/v2\/users\/1"}],"replies":[{"embeddable":true,"href":"https:\/\/mapinternational.net.au\/fr\/wp-json\/wp\/v2\/comments?post=29"}],"version-history":[{"count":12,"href":"https:\/\/mapinternational.net.au\/fr\/wp-json\/wp\/v2\/pages\/29\/revisions"}],"predecessor-version":[{"id":1708,"href":"https:\/\/mapinternational.net.au\/fr\/wp-json\/wp\/v2\/pages\/29\/revisions\/1708"}],"wp:attachment":[{"href":"https:\/\/mapinternational.net.au\/fr\/wp-json\/wp\/v2\/media?parent=29"}],"curies":[{"name":"wp","href":"https:\/\/api.w.org\/{rel}","templated":true}]}}