{"id":23,"date":"2021-05-05T03:42:11","date_gmt":"2021-05-04T17:42:11","guid":{"rendered":"http:\/\/mapinternational.net.au\/?page_id=23"},"modified":"2025-12-31T15:29:39","modified_gmt":"2025-12-31T05:29:39","slug":"about-us","status":"publish","type":"page","link":"https:\/\/mapinternational.net.au\/fr\/about-us\/","title":{"rendered":"QUI SOMMES-NOUS ?"},"content":{"rendered":"<div class=\"wp-block-getwid-section page-header alignfull\"><div class=\"wp-block-getwid-section__wrapper getwid-padding-top-large getwid-padding-bottom-large getwid-padding-left-medium getwid-padding-right-medium\"><div class=\"wp-block-getwid-section__inner-wrapper\"><div class=\"wp-block-getwid-section__background-holder\"><div class=\"wp-block-getwid-section__background\" style=\"background-image:url('http:\/\/mapinternational.net.au\/wp-content\/uploads\/2023\/02\/inner-page-banner.jpg')\"><div class=\"wp-block-getwid-section__background-image-wrapper\"><img decoding=\"async\" class=\"wp-block-getwid-section__background-image\" src=\"http:\/\/mapinternational.net.au\/wp-content\/uploads\/2023\/02\/inner-page-banner.jpg\" alt=\"\"\/><\/div><\/div><div class=\"wp-block-getwid-section__foreground\" style=\"opacity:0.6;background-color:#232324\"><\/div><\/div><div class=\"wp-block-getwid-section__content\"><div class=\"wp-block-getwid-section__inner-content\">\n<div class=\"wp-block-getwid-advanced-spacer\" style=\"height:100px\" aria-hidden=\"true\"><\/div>\n\n\n\n<h1 class=\"wp-block-heading has-white-color has-text-color\">Qui sommes-nous ?<\/h1>\n\n\n<p><span><span><a href=\"https:\/\/mapinternational.net.au\/fr\/\">Accueil<\/a><\/span><\/p>\n<\/div><\/div><\/div><\/div><\/div>\n\n\n\n<div class=\"wp-block-getwid-section alignfull nogap alignfull getwid-margin-top-none getwid-section-content-full-width\"><div class=\"wp-block-getwid-section__wrapper getwid-padding-top-none getwid-padding-bottom-none getwid-padding-left-none getwid-padding-right-none\"><div class=\"wp-block-getwid-section__inner-wrapper has-dividers-over\"><div class=\"wp-block-getwid-section__background-holder\"><div class=\"wp-block-getwid-section__background\"><\/div><div class=\"wp-block-getwid-section__foreground\"><\/div><\/div><div class=\"wp-block-getwid-section__content\"><div class=\"wp-block-getwid-section__inner-content\">\n<div class=\"wp-block-columns nomargin is-layout-flex wp-container-core-columns-is-layout-28f84493 wp-block-columns-is-layout-flex\">\n<div class=\"wp-block-column is-vertically-aligned-center mobilespacing-right is-layout-flow wp-block-column-is-layout-flow\">\n<div class=\"wp-block-getwid-section left-spacing\"><div class=\"wp-block-getwid-section__wrapper\"><div class=\"wp-block-getwid-section__inner-wrapper\"><div class=\"wp-block-getwid-section__background-holder\"><div class=\"wp-block-getwid-section__background\"><\/div><div class=\"wp-block-getwid-section__foreground\"><\/div><\/div><div class=\"wp-block-getwid-section__content\"><div class=\"wp-block-getwid-section__inner-content\">\n<figure class=\"wp-block-image size-full is-resized number-icon-position\"><img loading=\"lazy\" decoding=\"async\" width=\"243\" height=\"243\" src=\"http:\/\/mapinternational.net.au\/wp-content\/uploads\/2022\/11\/yellow-1-01-01-01.png\" alt=\"\" class=\"wp-image-1183\" style=\"width:180px;height:180px\" srcset=\"https:\/\/mapinternational.net.au\/wp-content\/uploads\/2022\/11\/yellow-1-01-01-01.png 243w, https:\/\/mapinternational.net.au\/wp-content\/uploads\/2022\/11\/yellow-1-01-01-01-150x150.png 150w\" sizes=\"auto, (max-width: 243px) 100vw, 243px\" \/><\/figure>\n\n\n\n<h2 class=\"wp-block-heading move-up\">Notre culture d\u2019entreprise vous garantit :<\/h2>\n\n\n\n<ul class=\"wp-block-list icon-list\">\n<li>Un suivi rigoureux de vos commandes<\/li>\n\n\n\n<li>A tailor-made quality\u00a0service<\/li>\n\n\n\n<li>Efficient and\u00a0perfectly\u00a0bilingual\u00a0staff<\/li>\n\n\n\n<li>Une transmission d\u2019information en temps r\u00e9el<\/li>\n\n\n\n<li>Une expertise logistique adapt\u00e9e \u00e0 vos besoins<\/li>\n<\/ul>\n<\/div><\/div><\/div><\/div><\/div>\n<\/div>\n\n\n\n<div class=\"wp-block-column is-layout-flow wp-block-column-is-layout-flow\">\n<figure class=\"wp-block-image alignfull size-full full-image halfimage\"><img loading=\"lazy\" decoding=\"async\" width=\"1810\" height=\"2560\" src=\"https:\/\/mapinternational.net.au\/wp-content\/uploads\/2025\/12\/AdobeStock_61796501-scaled.jpeg\" alt=\"\" class=\"wp-image-3245\" srcset=\"https:\/\/mapinternational.net.au\/wp-content\/uploads\/2025\/12\/AdobeStock_61796501-scaled.jpeg 1810w, https:\/\/mapinternational.net.au\/wp-content\/uploads\/2025\/12\/AdobeStock_61796501-212x300.jpeg 212w, https:\/\/mapinternational.net.au\/wp-content\/uploads\/2025\/12\/AdobeStock_61796501-724x1024.jpeg 724w, https:\/\/mapinternational.net.au\/wp-content\/uploads\/2025\/12\/AdobeStock_61796501-768x1086.jpeg 768w, https:\/\/mapinternational.net.au\/wp-content\/uploads\/2025\/12\/AdobeStock_61796501-1086x1536.jpeg 1086w, https:\/\/mapinternational.net.au\/wp-content\/uploads\/2025\/12\/AdobeStock_61796501-1448x2048.jpeg 1448w, https:\/\/mapinternational.net.au\/wp-content\/uploads\/2025\/12\/AdobeStock_61796501-8x12.jpeg 8w\" sizes=\"auto, (max-width: 1810px) 100vw, 1810px\" \/><figcaption class=\"wp-element-caption\">Photo montage of freight\/transport business activities, complex\r\r Note I am copyright owner of all the elements used in the montage<\/figcaption><\/figure>\n<\/div>\n<\/div>\n<\/div><\/div><\/div><\/div><\/div>\n\n\n\n<div class=\"wp-block-getwid-section alignfull nogap alignfull getwid-margin-top-none getwid-section-content-full-width\"><div class=\"wp-block-getwid-section__wrapper getwid-padding-top-none getwid-padding-bottom-none getwid-padding-left-none getwid-padding-right-none\"><div class=\"wp-block-getwid-section__inner-wrapper has-dividers-over\"><div class=\"wp-block-getwid-section__background-holder\"><div class=\"wp-block-getwid-section__background\"><\/div><div class=\"wp-block-getwid-section__foreground\"><\/div><\/div><div class=\"wp-block-getwid-section__content\"><div class=\"wp-block-getwid-section__inner-content\">\n<div class=\"wp-block-columns nomargin column-reverse is-layout-flex wp-container-core-columns-is-layout-28f84493 wp-block-columns-is-layout-flex\">\n<div class=\"wp-block-column is-layout-flow wp-block-column-is-layout-flow\">\n<figure class=\"wp-block-image alignfull size-large full-image halfimage\"><img loading=\"lazy\" decoding=\"async\" width=\"1024\" height=\"853\" src=\"http:\/\/mapinternational.net.au\/wp-content\/uploads\/2023\/01\/plane-and-ship-1024x853.jpg\" alt=\"\" class=\"wp-image-1582\" srcset=\"https:\/\/mapinternational.net.au\/wp-content\/uploads\/2023\/01\/plane-and-ship-1024x853.jpg 1024w, https:\/\/mapinternational.net.au\/wp-content\/uploads\/2023\/01\/plane-and-ship-300x250.jpg 300w, https:\/\/mapinternational.net.au\/wp-content\/uploads\/2023\/01\/plane-and-ship-768x640.jpg 768w, https:\/\/mapinternational.net.au\/wp-content\/uploads\/2023\/01\/plane-and-ship-14x12.jpg 14w, https:\/\/mapinternational.net.au\/wp-content\/uploads\/2023\/01\/plane-and-ship.jpg 1200w\" sizes=\"auto, (max-width: 1024px) 100vw, 1024px\" \/><\/figure>\n<\/div>\n\n\n\n<div class=\"wp-block-column is-vertically-aligned-center is-layout-flow wp-block-column-is-layout-flow\">\n<div class=\"wp-block-getwid-section mobilespacing right-spacing getwid-section-content-custom-width\"><div class=\"wp-block-getwid-section__wrapper\"><div class=\"wp-block-getwid-section__inner-wrapper\" style=\"max-width:750px\"><div class=\"wp-block-getwid-section__background-holder\"><div class=\"wp-block-getwid-section__background\"><\/div><div class=\"wp-block-getwid-section__foreground\"><\/div><\/div><div class=\"wp-block-getwid-section__content\"><div class=\"wp-block-getwid-section__inner-content\">\n<figure class=\"wp-block-image size-full is-resized number-icon-position\"><img loading=\"lazy\" decoding=\"async\" width=\"243\" height=\"243\" src=\"http:\/\/mapinternational.net.au\/wp-content\/uploads\/2022\/11\/yellow-2-01-01-01.png\" alt=\"\" class=\"wp-image-1186\" style=\"width:180px;height:180px\" srcset=\"https:\/\/mapinternational.net.au\/wp-content\/uploads\/2022\/11\/yellow-2-01-01-01.png 243w, https:\/\/mapinternational.net.au\/wp-content\/uploads\/2022\/11\/yellow-2-01-01-01-150x150.png 150w\" sizes=\"auto, (max-width: 243px) 100vw, 243px\" \/><\/figure>\n\n\n\n<h2 class=\"wp-block-heading move-up\">Notre \u00e9quipe d\u2019experts vous assistera gratuitement \u00e0 :<\/h2>\n\n\n\n<ul class=\"wp-block-list icon-list\">\n<li>Evaluate your\u00a0needs\u00a0in terms of Logistics<\/li>\n\n\n\n<li>Find the most interesting transport\u00a0solutions\u00a0in terms of cost and time<\/li>\n\n\n\n<li>Ensure the reliability of your\u00a0imports\/exports<\/li>\n<\/ul>\n<\/div><\/div><\/div><\/div><\/div>\n<\/div>\n<\/div>\n<\/div><\/div><\/div><\/div><\/div>\n\n\n\n<div class=\"wp-block-getwid-section alignfull alignfull getwid-section-content-custom-width\"><div class=\"wp-block-getwid-section__wrapper\" style=\"padding-top:80px;padding-bottom:40px\"><div class=\"wp-block-getwid-section__inner-wrapper\" style=\"max-width:1200px\"><div class=\"wp-block-getwid-section__background-holder\"><div class=\"wp-block-getwid-section__background has-background\" style=\"background-color:#f0e936;background-image:linear-gradient(10deg,rgb(26,43,109) 13%,rgb(13,80,168) 80%)\"><\/div><div class=\"wp-block-getwid-section__foreground\" style=\"opacity:0.25;background-color:#00156b;background-image:url('http:\/\/mapinternational.net.au\/wp-content\/uploads\/2022\/10\/world-map-dots.png');mix-blend-mode:soft-light\"><\/div><\/div><div class=\"wp-block-getwid-section__content\"><div class=\"wp-block-getwid-section__inner-content\">\n<div class=\"wp-block-columns is-layout-flex wp-container-core-columns-is-layout-28f84493 wp-block-columns-is-layout-flex\">\n<div class=\"wp-block-column is-vertically-aligned-center is-layout-flow wp-block-column-is-layout-flow\" style=\"flex-basis:66%\">\n<p class=\"has-text-align-center has-white-color has-text-color has-large-font-size\">Vous cherchez un partenaire logistique ?<\/p>\n<\/div>\n\n\n\n<div class=\"wp-block-column is-vertically-aligned-center is-layout-flow wp-block-column-is-layout-flow\" style=\"flex-basis:33%\">\n<div class=\"wp-block-buttons is-content-justification-center is-layout-flex wp-container-core-buttons-is-layout-a89b3969 wp-block-buttons-is-layout-flex\">\n<div class=\"wp-block-button white\"><a class=\"wp-block-button__link has-white-background-color has-text-color has-background\" href=\"https:\/\/mapinternational.net.au\/fr\/contact\/\" style=\"color:#0227be\">INTERROGEZ-NOUS<\/a><\/div>\n<\/div>\n<\/div>\n<\/div>\n<\/div><\/div><\/div><\/div><\/div>\n\n\n\n<div class=\"wp-block-getwid-section alignfull nogap alignfull getwid-margin-top-none getwid-section-content-full-width\"><div class=\"wp-block-getwid-section__wrapper getwid-padding-top-none getwid-padding-bottom-none getwid-padding-left-none getwid-padding-right-none\"><div class=\"wp-block-getwid-section__inner-wrapper has-dividers-over\"><div class=\"wp-block-getwid-section__background-holder\"><div class=\"wp-block-getwid-section__background\"><\/div><div class=\"wp-block-getwid-section__foreground\"><\/div><\/div><div class=\"wp-block-getwid-section__content\"><div class=\"wp-block-getwid-section__inner-content\">\n<div class=\"wp-block-columns nomargin is-layout-flex wp-container-core-columns-is-layout-28f84493 wp-block-columns-is-layout-flex\">\n<div class=\"wp-block-column is-vertically-aligned-center mobilespacing-right is-layout-flow wp-block-column-is-layout-flow\">\n<div class=\"wp-block-getwid-section left-spacing\"><div class=\"wp-block-getwid-section__wrapper\"><div class=\"wp-block-getwid-section__inner-wrapper\"><div class=\"wp-block-getwid-section__background-holder\"><div class=\"wp-block-getwid-section__background\"><\/div><div class=\"wp-block-getwid-section__foreground\"><\/div><\/div><div class=\"wp-block-getwid-section__content\"><div class=\"wp-block-getwid-section__inner-content\">\n<figure class=\"wp-block-image size-full is-resized number-icon-position\"><img loading=\"lazy\" decoding=\"async\" width=\"243\" height=\"243\" src=\"http:\/\/mapinternational.net.au\/wp-content\/uploads\/2022\/11\/yellow-3-01-01-01.png\" alt=\"\" class=\"wp-image-1188\" style=\"width:180px;height:180px\" srcset=\"https:\/\/mapinternational.net.au\/wp-content\/uploads\/2022\/11\/yellow-3-01-01-01.png 243w, https:\/\/mapinternational.net.au\/wp-content\/uploads\/2022\/11\/yellow-3-01-01-01-150x150.png 150w\" sizes=\"auto, (max-width: 243px) 100vw, 243px\" \/><\/figure>\n\n\n\n<h2 class=\"wp-block-heading move-up\">Un vaste r\u00e9seau d\u2019agents pr\u00e9sents sur tous les continents :<\/h2>\n\n\n\n<p>Nos deux agences MAP INTERNATIONAL se situent en Australie et en Nouvelle-Cal\u00e9donie.<\/p>\n\n\n\n<p>Fort d\u2019un vaste r\u00e9seau d\u2019agents \u00e0 travers le monde, nous vous garantissons la prise en charge de vos marchandises dans les r\u00e8gles ainsi que leur tra\u00e7abilit\u00e9, depuis l\u2019entrep\u00f4t de vos fournisseurs jusqu\u2019au d\u00e9douanement et livraison dans vos locaux, quel que soit le lieu ou le mode de transport choisit.<\/p>\n<\/div><\/div><\/div><\/div><\/div>\n<\/div>\n\n\n\n<div class=\"wp-block-column is-layout-flow wp-block-column-is-layout-flow\">\n<figure class=\"wp-block-image alignfull size-large full-image halfimage\"><img loading=\"lazy\" decoding=\"async\" width=\"1024\" height=\"853\" src=\"http:\/\/mapinternational.net.au\/wp-content\/uploads\/2023\/01\/map-with-words-1024x853.jpg\" alt=\"\" class=\"wp-image-1581\" srcset=\"https:\/\/mapinternational.net.au\/wp-content\/uploads\/2023\/01\/map-with-words-1024x853.jpg 1024w, https:\/\/mapinternational.net.au\/wp-content\/uploads\/2023\/01\/map-with-words-300x250.jpg 300w, https:\/\/mapinternational.net.au\/wp-content\/uploads\/2023\/01\/map-with-words-768x640.jpg 768w, https:\/\/mapinternational.net.au\/wp-content\/uploads\/2023\/01\/map-with-words-14x12.jpg 14w, https:\/\/mapinternational.net.au\/wp-content\/uploads\/2023\/01\/map-with-words.jpg 1200w\" sizes=\"auto, (max-width: 1024px) 100vw, 1024px\" \/><\/figure>\n<\/div>\n<\/div>\n<\/div><\/div><\/div><\/div><\/div>","protected":false},"excerpt":{"rendered":"","protected":false},"author":1,"featured_media":0,"parent":0,"menu_order":0,"comment_status":"closed","ping_status":"closed","template":"","meta":{"footnotes":""},"class_list":["post-23","page","type-page","status-publish","hentry"],"yoast_head":"<!-- This site is optimized with the Yoast SEO plugin v19.6.1 - https:\/\/yoast.com\/wordpress\/plugins\/seo\/ -->\n<title>About Us - International Freight Forwarding &amp; Logistics<\/title>\n<meta name=\"description\" content=\"Maximise efficiency and streamline your supply chain with our cutting-edge logistics solutions. Trust us to handle all your shipping and transportation needs.\" \/>\n<meta name=\"robots\" content=\"index, follow, max-snippet:-1, max-image-preview:large, max-video-preview:-1\" \/>\n<link rel=\"canonical\" href=\"https:\/\/mapinternational.net.au\/fr\/about-us\/\" \/>\n<meta property=\"og:locale\" content=\"fr_FR\" \/>\n<meta property=\"og:type\" content=\"article\" \/>\n<meta property=\"og:title\" content=\"About Us - International Freight Forwarding &amp; Logistics\" \/>\n<meta property=\"og:description\" content=\"Maximise efficiency and streamline your supply chain with our cutting-edge logistics solutions. Trust us to handle all your shipping and transportation needs.\" \/>\n<meta property=\"og:url\" content=\"https:\/\/mapinternational.net.au\/fr\/about-us\/\" \/>\n<meta property=\"og:site_name\" content=\"Map International\" \/>\n<meta property=\"article:modified_time\" content=\"2025-12-31T05:29:39+00:00\" \/>\n<meta property=\"og:image\" content=\"http:\/\/mapinternational.net.au\/wp-content\/uploads\/2023\/02\/inner-page-banner.jpg\" \/>\n<meta name=\"twitter:card\" content=\"summary_large_image\" \/>\n<meta name=\"twitter:label1\" content=\"Dur\u00e9e de lecture estim\u00e9e\" \/>\n\t<meta name=\"twitter:data1\" content=\"3 minutes\" \/>\n<script type=\"application\/ld+json\" class=\"yoast-schema-graph\">{\"@context\":\"https:\/\/schema.org\",\"@graph\":[{\"@type\":\"WebPage\",\"@id\":\"https:\/\/mapinternational.net.au\/about-us\/\",\"url\":\"https:\/\/mapinternational.net.au\/about-us\/\",\"name\":\"About Us - International Freight Forwarding & Logistics\",\"isPartOf\":{\"@id\":\"https:\/\/mapinternational.net.au\/#website\"},\"datePublished\":\"2021-05-04T17:42:11+00:00\",\"dateModified\":\"2025-12-31T05:29:39+00:00\",\"description\":\"Maximise efficiency and streamline your supply chain with our cutting-edge logistics solutions. Trust us to handle all your shipping and transportation needs.\",\"breadcrumb\":{\"@id\":\"https:\/\/mapinternational.net.au\/about-us\/#breadcrumb\"},\"inLanguage\":\"fr-FR\",\"potentialAction\":[{\"@type\":\"ReadAction\",\"target\":[\"https:\/\/mapinternational.net.au\/about-us\/\"]}]},{\"@type\":\"BreadcrumbList\",\"@id\":\"https:\/\/mapinternational.net.au\/about-us\/#breadcrumb\",\"itemListElement\":[{\"@type\":\"ListItem\",\"position\":1,\"name\":\"Home\",\"item\":\"https:\/\/mapinternational.net.au\/\"},{\"@type\":\"ListItem\",\"position\":2,\"name\":\"About us\"}]},{\"@type\":\"WebSite\",\"@id\":\"https:\/\/mapinternational.net.au\/#website\",\"url\":\"https:\/\/mapinternational.net.au\/\",\"name\":\"Map International\",\"description\":\"Express Courier | Freight Forwarding | Customs | Domestic Logistics\",\"publisher\":{\"@id\":\"https:\/\/mapinternational.net.au\/#organization\"},\"potentialAction\":[{\"@type\":\"SearchAction\",\"target\":{\"@type\":\"EntryPoint\",\"urlTemplate\":\"https:\/\/mapinternational.net.au\/?s={search_term_string}\"},\"query-input\":\"required name=search_term_string\"}],\"inLanguage\":\"fr-FR\"},{\"@type\":\"Organization\",\"@id\":\"https:\/\/mapinternational.net.au\/#organization\",\"name\":\"Map International\",\"url\":\"https:\/\/mapinternational.net.au\/\",\"sameAs\":[],\"logo\":{\"@type\":\"ImageObject\",\"inLanguage\":\"fr-FR\",\"@id\":\"https:\/\/mapinternational.net.au\/#\/schema\/logo\/image\/\",\"url\":\"https:\/\/mapinternational.net.au\/wp-content\/uploads\/2022\/10\/logo-1.svg\",\"contentUrl\":\"https:\/\/mapinternational.net.au\/wp-content\/uploads\/2022\/10\/logo-1.svg\",\"caption\":\"Map International\"},\"image\":{\"@id\":\"https:\/\/mapinternational.net.au\/#\/schema\/logo\/image\/\"}}]}<\/script>\n<!-- \/ Yoast SEO plugin. -->","yoast_head_json":{"title":"About Us - International Freight Forwarding & Logistics","description":"Maximise efficiency and streamline your supply chain with our cutting-edge logistics solutions. Trust us to handle all your shipping and transportation needs.","robots":{"index":"index","follow":"follow","max-snippet":"max-snippet:-1","max-image-preview":"max-image-preview:large","max-video-preview":"max-video-preview:-1"},"canonical":"https:\/\/mapinternational.net.au\/fr\/about-us\/","og_locale":"fr_FR","og_type":"article","og_title":"About Us - International Freight Forwarding & Logistics","og_description":"Maximise efficiency and streamline your supply chain with our cutting-edge logistics solutions. Trust us to handle all your shipping and transportation needs.","og_url":"https:\/\/mapinternational.net.au\/fr\/about-us\/","og_site_name":"Map International","article_modified_time":"2025-12-31T05:29:39+00:00","og_image":[{"url":"http:\/\/mapinternational.net.au\/wp-content\/uploads\/2023\/02\/inner-page-banner.jpg"}],"twitter_card":"summary_large_image","twitter_misc":{"Dur\u00e9e de lecture estim\u00e9e":"3 minutes"},"schema":{"@context":"https:\/\/schema.org","@graph":[{"@type":"WebPage","@id":"https:\/\/mapinternational.net.au\/about-us\/","url":"https:\/\/mapinternational.net.au\/about-us\/","name":"About Us - International Freight Forwarding & Logistics","isPartOf":{"@id":"https:\/\/mapinternational.net.au\/#website"},"datePublished":"2021-05-04T17:42:11+00:00","dateModified":"2025-12-31T05:29:39+00:00","description":"Maximise efficiency and streamline your supply chain with our cutting-edge logistics solutions. Trust us to handle all your shipping and transportation needs.","breadcrumb":{"@id":"https:\/\/mapinternational.net.au\/about-us\/#breadcrumb"},"inLanguage":"fr-FR","potentialAction":[{"@type":"ReadAction","target":["https:\/\/mapinternational.net.au\/about-us\/"]}]},{"@type":"BreadcrumbList","@id":"https:\/\/mapinternational.net.au\/about-us\/#breadcrumb","itemListElement":[{"@type":"ListItem","position":1,"name":"Home","item":"https:\/\/mapinternational.net.au\/"},{"@type":"ListItem","position":2,"name":"About us"}]},{"@type":"WebSite","@id":"https:\/\/mapinternational.net.au\/#website","url":"https:\/\/mapinternational.net.au\/","name":"Map International","description":"Express Courier | Freight Forwarding | Customs | Domestic Logistics","publisher":{"@id":"https:\/\/mapinternational.net.au\/#organization"},"potentialAction":[{"@type":"SearchAction","target":{"@type":"EntryPoint","urlTemplate":"https:\/\/mapinternational.net.au\/?s={search_term_string}"},"query-input":"required name=search_term_string"}],"inLanguage":"fr-FR"},{"@type":"Organization","@id":"https:\/\/mapinternational.net.au\/#organization","name":"Map International","url":"https:\/\/mapinternational.net.au\/","sameAs":[],"logo":{"@type":"ImageObject","inLanguage":"fr-FR","@id":"https:\/\/mapinternational.net.au\/#\/schema\/logo\/image\/","url":"https:\/\/mapinternational.net.au\/wp-content\/uploads\/2022\/10\/logo-1.svg","contentUrl":"https:\/\/mapinternational.net.au\/wp-content\/uploads\/2022\/10\/logo-1.svg","caption":"Map International"},"image":{"@id":"https:\/\/mapinternational.net.au\/#\/schema\/logo\/image\/"}}]}},"_links":{"self":[{"href":"https:\/\/mapinternational.net.au\/fr\/wp-json\/wp\/v2\/pages\/23","targetHints":{"allow":["GET"]}}],"collection":[{"href":"https:\/\/mapinternational.net.au\/fr\/wp-json\/wp\/v2\/pages"}],"about":[{"href":"https:\/\/mapinternational.net.au\/fr\/wp-json\/wp\/v2\/types\/page"}],"author":[{"embeddable":true,"href":"https:\/\/mapinternational.net.au\/fr\/wp-json\/wp\/v2\/users\/1"}],"replies":[{"embeddable":true,"href":"https:\/\/mapinternational.net.au\/fr\/wp-json\/wp\/v2\/comments?post=23"}],"version-history":[{"count":152,"href":"https:\/\/mapinternational.net.au\/fr\/wp-json\/wp\/v2\/pages\/23\/revisions"}],"predecessor-version":[{"id":3246,"href":"https:\/\/mapinternational.net.au\/fr\/wp-json\/wp\/v2\/pages\/23\/revisions\/3246"}],"wp:attachment":[{"href":"https:\/\/mapinternational.net.au\/fr\/wp-json\/wp\/v2\/media?parent=23"}],"curies":[{"name":"wp","href":"https:\/\/api.w.org\/{rel}","templated":true}]}}