{"id":1438,"date":"2022-12-22T08:08:02","date_gmt":"2022-12-21T22:08:02","guid":{"rendered":"http:\/\/mapinternational.net.au\/?page_id=1438"},"modified":"2023-02-28T08:57:47","modified_gmt":"2023-02-27T22:57:47","slug":"services","status":"publish","type":"page","link":"https:\/\/mapinternational.net.au\/fr\/services\/","title":{"rendered":"Services"},"content":{"rendered":"<div class=\"wp-block-getwid-section page-header alignfull\"><div class=\"wp-block-getwid-section__wrapper getwid-padding-top-large getwid-padding-bottom-large getwid-padding-left-medium getwid-padding-right-medium\"><div class=\"wp-block-getwid-section__inner-wrapper\"><div class=\"wp-block-getwid-section__background-holder\"><div class=\"wp-block-getwid-section__background\" style=\"background-image:url('http:\/\/mapinternational.net.au\/wp-content\/uploads\/2023\/02\/inner-page-banner.jpg')\"><div class=\"wp-block-getwid-section__background-image-wrapper\"><img decoding=\"async\" class=\"wp-block-getwid-section__background-image\" src=\"http:\/\/mapinternational.net.au\/wp-content\/uploads\/2023\/02\/inner-page-banner.jpg\" alt=\"\"\/><\/div><\/div><div class=\"wp-block-getwid-section__foreground\" style=\"opacity:0.6;background-color:#232324\"><\/div><\/div><div class=\"wp-block-getwid-section__content\"><div class=\"wp-block-getwid-section__inner-content\">\n<div class=\"wp-block-getwid-advanced-spacer\" style=\"height:100px\" aria-hidden=\"true\"><\/div>\n\n\n\n<h1 class=\"has-white-color has-text-color wp-block-heading\">Services<\/h1>\n\n\n<p><span><span><a href=\"https:\/\/mapinternational.net.au\/fr\/\">Accueil<\/a><\/span><\/p>\n<\/div><\/div><\/div><\/div><\/div>\n\n\n\n<div class=\"wp-block-getwid-section alignfull nogap alignfull getwid-margin-top-none getwid-section-content-full-width\"><div class=\"wp-block-getwid-section__wrapper getwid-padding-top-none getwid-padding-bottom-none getwid-padding-left-none getwid-padding-right-none\"><div class=\"wp-block-getwid-section__inner-wrapper has-dividers-over\"><div class=\"wp-block-getwid-section__background-holder\"><div class=\"wp-block-getwid-section__background\"><\/div><div class=\"wp-block-getwid-section__foreground\"><\/div><\/div><div class=\"wp-block-getwid-section__content\"><div class=\"wp-block-getwid-section__inner-content\">\n<div class=\"wp-block-columns nomargin is-layout-flex wp-container-core-columns-is-layout-28f84493 wp-block-columns-is-layout-flex\">\n<div class=\"wp-block-column is-vertically-aligned-center mobilespacing-right is-layout-flow wp-block-column-is-layout-flow\">\n<div class=\"wp-block-getwid-section left-spacing getwid-section-content-custom-width\"><div class=\"wp-block-getwid-section__wrapper getwid-padding-tablet-top-large getwid-padding-tablet-bottom-large getwid-padding-mobile-top-large getwid-padding-mobile-bottom-large\"><div class=\"wp-block-getwid-section__inner-wrapper\" style=\"max-width:750px\"><div class=\"wp-block-getwid-section__background-holder\"><div class=\"wp-block-getwid-section__background\"><\/div><div class=\"wp-block-getwid-section__foreground\"><\/div><\/div><div class=\"wp-block-getwid-section__content\"><div class=\"wp-block-getwid-section__inner-content\">\n<h2 class=\"has-text-align-left move-up wp-block-heading\">Nos Calendriers<\/h2>\n\n\n\n<div class=\"wp-block-columns is-layout-flex wp-container-core-columns-is-layout-28f84493 wp-block-columns-is-layout-flex\">\n<div class=\"wp-block-column is-layout-flow wp-block-column-is-layout-flow\">\n<p class=\"has-text-align-left\">Nos pr\u00e9visions de navires sont donn\u00e9es \u00e0 titre indicatif et peuvent \u00eatre modifi\u00e9es \u00e0 tout moment par les Compagnies Maritimes.<\/p>\n\n\n\n<div class=\"wp-block-getwid-button-group\"><div class=\"wp-block-getwid-button-group__wrapper\">\n<div class=\"wp-block-button\"><a class=\"wp-block-button__link\" href=\"http:\/\/mapinternational.net.au\/wp-content\/uploads\/2023\/01\/SCHEDULE-WEEK-32-09-08-22.pdf\">TELECHARGER NOS CALENDRIERS DES NAVIRES<\/a><\/div>\n\n\n\n<div class=\"wp-block-button\"><a class=\"wp-block-button__link\" href=\"https:\/\/www.vesselfinder.com\/vessels\">SUIVI DES NAVIRES<\/a><\/div>\n<\/div><\/div>\n<\/div>\n<\/div>\n<\/div><\/div><\/div><\/div><\/div>\n<\/div>\n\n\n\n<div class=\"wp-block-column has-background is-layout-flow wp-block-column-is-layout-flow\" style=\"background-color:#c7e9ffbd\">\n<div class=\"wp-block-getwid-section right-spacing getwid-section-content-custom-width\"><div class=\"wp-block-getwid-section__wrapper getwid-padding-tablet-top-large getwid-padding-tablet-bottom-large getwid-padding-mobile-top-large getwid-padding-mobile-bottom-large\"><div class=\"wp-block-getwid-section__inner-wrapper\" style=\"max-width:750px\"><div class=\"wp-block-getwid-section__background-holder\"><div class=\"wp-block-getwid-section__background\"><\/div><div class=\"wp-block-getwid-section__foreground\"><\/div><\/div><div class=\"wp-block-getwid-section__content\"><div class=\"wp-block-getwid-section__inner-content\">\n<h2 class=\"has-text-align-left move-up wp-block-heading\">Les Devises<\/h2>\n\n\n\n<div class=\"wp-block-columns is-layout-flex wp-container-core-columns-is-layout-28f84493 wp-block-columns-is-layout-flex\">\n<div class=\"wp-block-column is-layout-flow wp-block-column-is-layout-flow\">\n<p class=\"has-text-align-left\">Les taux de change sont donn\u00e9s \u00e0 titre indicatif et varient selon la banque dans laquelle vous effectuez la transaction.<\/p>\n\n\n\n<div class=\"wp-block-buttons is-layout-flex wp-block-buttons-is-layout-flex\">\n<div class=\"wp-block-button\"><a class=\"wp-block-button__link\" href=\"https:\/\/www.xe.com\/en\/\" target=\"_blank\" rel=\"noreferrer noopener\">VISITEZ XE.COM<\/a><\/div>\n<\/div>\n<\/div>\n<\/div>\n<\/div><\/div><\/div><\/div><\/div>\n<\/div>\n<\/div>\n<\/div><\/div><\/div><\/div><\/div>\n\n\n\n<div class=\"wp-block-getwid-section alignfull nogap alignfull getwid-margin-top-none getwid-section-content-full-width\"><div class=\"wp-block-getwid-section__wrapper getwid-padding-top-none getwid-padding-bottom-none getwid-padding-left-none getwid-padding-right-none\"><div class=\"wp-block-getwid-section__inner-wrapper has-dividers-over\"><div class=\"wp-block-getwid-section__background-holder\"><div class=\"wp-block-getwid-section__background\"><\/div><div class=\"wp-block-getwid-section__foreground\"><\/div><\/div><div class=\"wp-block-getwid-section__content\"><div class=\"wp-block-getwid-section__inner-content\">\n<div class=\"wp-block-columns nomargin column-reverse is-layout-flex wp-container-core-columns-is-layout-28f84493 wp-block-columns-is-layout-flex\">\n<div class=\"wp-block-column is-vertically-aligned-top mobilespacing-right has-background is-layout-flow wp-block-column-is-layout-flow\" style=\"background-color:#c7e9ffbd\">\n<div class=\"wp-block-getwid-section left-spacing getwid-section-content-custom-width\"><div class=\"wp-block-getwid-section__wrapper getwid-padding-tablet-top-large getwid-padding-tablet-bottom-large getwid-padding-mobile-top-large getwid-padding-mobile-bottom-large\"><div class=\"wp-block-getwid-section__inner-wrapper\" style=\"max-width:750px\"><div class=\"wp-block-getwid-section__background-holder\"><div class=\"wp-block-getwid-section__background\"><\/div><div class=\"wp-block-getwid-section__foreground\"><\/div><\/div><div class=\"wp-block-getwid-section__content\"><div class=\"wp-block-getwid-section__inner-content\">\n<h2 class=\"has-text-align-left move-up wp-block-heading\">Les Marchandises Dangereuses<\/h2>\n\n\n\n<p class=\"has-text-align-left\">Les marchandises sont consid\u00e9r\u00e9es comme dangereuses lorsqu\u2019elles pr\u00e9sentent un risque pour l\u2019homme ou l\u2019environnement. Il r\u00e9pond alors \u00e0 divers crit\u00e8res de classification. Il peut s\u2019agir d\u2019un mat\u00e9riau, d\u2019un objet, d\u2019une solution, d\u2019un m\u00e9lange, d\u2019une pr\u00e9paration ou d\u2019un d\u00e9chet. Toutes les marchandises dangereuses destin\u00e9es au transport sont nomm\u00e9ment mentionn\u00e9es ou couvertes par des rubriques g\u00e9n\u00e9riques.<\/p>\n\n\n\n<p class=\"has-text-align-left\">La r\u00e9glementation internationale relative au transport international des marchandises dangereuses est r\u00e9vis\u00e9e chaque ann\u00e9e (IATA) ou plus g\u00e9n\u00e9ralement tous les deux ans.<\/p>\n\n\n\n<p class=\"has-text-align-left\">Des amendements nationaux compl\u00e8tent ces r\u00e8gles internationales.<\/p>\n\n\n\n<figure class=\"wp-block-image aligncenter size-large\"><img loading=\"lazy\" decoding=\"async\" width=\"1024\" height=\"1024\" src=\"http:\/\/mapinternational.net.au\/wp-content\/uploads\/2023\/02\/dangerous-goods-1024x1024.jpeg\" alt=\"\" class=\"wp-image-1689\" srcset=\"https:\/\/mapinternational.net.au\/wp-content\/uploads\/2023\/02\/dangerous-goods-1024x1024.jpeg 1024w, https:\/\/mapinternational.net.au\/wp-content\/uploads\/2023\/02\/dangerous-goods-300x300.jpeg 300w, https:\/\/mapinternational.net.au\/wp-content\/uploads\/2023\/02\/dangerous-goods-150x150.jpeg 150w, https:\/\/mapinternational.net.au\/wp-content\/uploads\/2023\/02\/dangerous-goods-768x768.jpeg 768w, https:\/\/mapinternational.net.au\/wp-content\/uploads\/2023\/02\/dangerous-goods-1536x1536.jpeg 1536w, https:\/\/mapinternational.net.au\/wp-content\/uploads\/2023\/02\/dangerous-goods-2048x2048.jpeg 2048w, https:\/\/mapinternational.net.au\/wp-content\/uploads\/2023\/02\/dangerous-goods-12x12.jpeg 12w\" sizes=\"auto, (max-width: 1024px) 100vw, 1024px\" \/><\/figure>\n<\/div><\/div><\/div><\/div><\/div>\n<\/div>\n\n\n\n<div class=\"wp-block-column is-layout-flow wp-block-column-is-layout-flow\">\n<div class=\"wp-block-getwid-section right-spacing getwid-margin-mobile-top-large getwid-margin-mobile-bottom-large getwid-section-content-custom-width\"><div class=\"wp-block-getwid-section__wrapper getwid-padding-tablet-top-large getwid-padding-tablet-bottom-large getwid-padding-mobile-top-large getwid-padding-mobile-bottom-large\"><div class=\"wp-block-getwid-section__inner-wrapper\" style=\"max-width:750px\"><div class=\"wp-block-getwid-section__background-holder\"><div class=\"wp-block-getwid-section__background\"><\/div><div class=\"wp-block-getwid-section__foreground\"><\/div><\/div><div class=\"wp-block-getwid-section__content\"><div class=\"wp-block-getwid-section__inner-content\">\n<h2 class=\"has-text-align-left move-up wp-block-heading\">Les Equipements<\/h2>\n\n\n\n<p class=\"has-text-align-left\"><strong>Transport A\u00e9rien :<\/strong>&nbsp;<\/p>\n\n\n\n<p class=\"has-text-align-left\">Ces caract\u00e9ristiques sont donn\u00e9es \u00e0 titre indicatif, mais peuvent varier selon le fabricant ou la soci\u00e9t\u00e9 de transport.<\/p>\n\n\n\n<div class=\"wp-block-buttons is-layout-flex wp-block-buttons-is-layout-flex\">\n<div class=\"wp-block-button\"><a class=\"wp-block-button__link\" href=\"https:\/\/mapinternational.net.au\/wp-content\/uploads\/2023\/02\/aircraft_cargo.jpg\" target=\"_blank\" rel=\"noreferrer noopener\">CARACTERISTIQUES DES UNITES DE CHARGEMENT AERIEN<\/a><\/div>\n<\/div>\n\n\n\n<div class=\"wp-block-getwid-advanced-spacer\" style=\"height:50px\" aria-hidden=\"true\"><\/div>\n\n\n\n<p class=\"has-text-align-left\"><strong>Transport Maritime :<\/strong>&nbsp;&nbsp;&nbsp;<\/p>\n\n\n\n<p class=\"has-text-align-left\">Ces caract\u00e9ristiques sont donn\u00e9es \u00e0 titre indicatif, mais peuvent varier selon le fabricant ou la soci\u00e9t\u00e9 de transport.<\/p>\n\n\n\n<div class=\"wp-block-buttons is-layout-flex wp-block-buttons-is-layout-flex\">\n<div class=\"wp-block-button\"><a class=\"wp-block-button__link\" href=\"https:\/\/mapinternational.net.au\/wp-content\/uploads\/2023\/02\/container-specifications.jpg\" target=\"_blank\" rel=\"noreferrer noopener\">CARACTERISTIQUES DES CONTENEURS<\/a><\/div>\n<\/div>\n<\/div><\/div><\/div><\/div><\/div>\n<\/div>\n<\/div>\n<\/div><\/div><\/div><\/div><\/div>\n\n\n\n<div class=\"wp-block-getwid-section alignfull alignfull getwid-section-content-custom-width\"><div class=\"wp-block-getwid-section__wrapper\" style=\"padding-top:80px;padding-bottom:40px\"><div class=\"wp-block-getwid-section__inner-wrapper\" style=\"max-width:1200px\"><div class=\"wp-block-getwid-section__background-holder\"><div class=\"wp-block-getwid-section__background has-background\" style=\"background-color:#f0e936;background-image:linear-gradient(10deg,rgb(26,43,109) 13%,rgb(13,80,168) 80%)\"><\/div><div class=\"wp-block-getwid-section__foreground\" style=\"opacity:0.25;background-color:#00156b;background-image:url('http:\/\/mapinternational.net.au\/wp-content\/uploads\/2022\/10\/world-map-dots.png');mix-blend-mode:soft-light\"><\/div><\/div><div class=\"wp-block-getwid-section__content\"><div class=\"wp-block-getwid-section__inner-content\">\n<div class=\"wp-block-columns is-layout-flex wp-container-core-columns-is-layout-28f84493 wp-block-columns-is-layout-flex\">\n<div class=\"wp-block-column is-vertically-aligned-center is-layout-flow wp-block-column-is-layout-flow\" style=\"flex-basis:66%\">\n<p class=\"has-text-align-center has-white-color has-text-color has-large-font-size\">Vous cherchez un partenaire logistique ?<\/p>\n<\/div>\n\n\n\n<div class=\"wp-block-column is-vertically-aligned-center is-layout-flow wp-block-column-is-layout-flow\" style=\"flex-basis:33%\">\n<div class=\"wp-block-buttons is-content-justification-center is-layout-flex wp-container-core-buttons-is-layout-a89b3969 wp-block-buttons-is-layout-flex\">\n<div class=\"wp-block-button white\"><a class=\"wp-block-button__link has-white-background-color has-text-color has-background\" href=\"https:\/\/mapinternational.net.au\/fr\/contact\/\" style=\"color:#0227be\">INTERROGEZ-NOUS<\/a><\/div>\n<\/div>\n<\/div>\n<\/div>\n<\/div><\/div><\/div><\/div><\/div>\n\n\n\n<div class=\"wp-block-getwid-section alignfull nogap alignfull getwid-margin-top-none getwid-section-content-full-width\"><div class=\"wp-block-getwid-section__wrapper getwid-padding-top-none getwid-padding-bottom-none getwid-padding-left-none getwid-padding-right-none\"><div class=\"wp-block-getwid-section__inner-wrapper has-dividers-over\"><div class=\"wp-block-getwid-section__background-holder\"><div class=\"wp-block-getwid-section__background\"><\/div><div class=\"wp-block-getwid-section__foreground\"><\/div><\/div><div class=\"wp-block-getwid-section__content\"><div class=\"wp-block-getwid-section__inner-content\">\n<div class=\"wp-block-columns nomargin is-layout-flex wp-container-core-columns-is-layout-28f84493 wp-block-columns-is-layout-flex\">\n<div class=\"wp-block-column is-vertically-aligned-center is-layout-flow wp-block-column-is-layout-flow\">\n<div class=\"wp-block-getwid-section left-spacing getwid-section-content-custom-width\"><div class=\"wp-block-getwid-section__wrapper getwid-padding-tablet-top-large getwid-padding-tablet-bottom-large getwid-padding-mobile-top-large getwid-padding-mobile-bottom-large\"><div class=\"wp-block-getwid-section__inner-wrapper\" style=\"max-width:750px\"><div class=\"wp-block-getwid-section__background-holder\"><div class=\"wp-block-getwid-section__background\"><\/div><div class=\"wp-block-getwid-section__foreground\"><\/div><\/div><div class=\"wp-block-getwid-section__content\"><div class=\"wp-block-getwid-section__inner-content\">\n<h2 class=\"has-text-align-left move-up wp-block-heading\">Les Incoterms<\/h2>\n\n\n\n<p class=\"has-text-align-left\">Un incoterm est un terme normalis\u00e9 utilis\u00e9 pour d\u00e9finir les droits et obligations des acheteurs et des vendeurs participant aux \u00e9changes internationaux et nationaux.<\/p>\n<\/div><\/div><\/div><\/div><\/div>\n<\/div>\n\n\n\n<div class=\"wp-block-column is-vertically-aligned-center is-layout-flow wp-block-column-is-layout-flow\">\n<figure class=\"wp-block-image alignleft size-full is-resized\"><img loading=\"lazy\" decoding=\"async\" src=\"http:\/\/mapinternational.net.au\/wp-content\/uploads\/2023\/01\/incoterms.png\" alt=\"\" class=\"wp-image-1449\" width=\"493\" height=\"339\" srcset=\"https:\/\/mapinternational.net.au\/wp-content\/uploads\/2023\/01\/incoterms.png 736w, https:\/\/mapinternational.net.au\/wp-content\/uploads\/2023\/01\/incoterms-300x206.png 300w, https:\/\/mapinternational.net.au\/wp-content\/uploads\/2023\/01\/incoterms-18x12.png 18w\" sizes=\"auto, (max-width: 493px) 100vw, 493px\" \/><\/figure>\n<\/div>\n<\/div>\n<\/div><\/div><\/div><\/div><\/div>","protected":false},"excerpt":{"rendered":"","protected":false},"author":1,"featured_media":0,"parent":0,"menu_order":0,"comment_status":"closed","ping_status":"closed","template":"","meta":{"footnotes":""},"class_list":["post-1438","page","type-page","status-publish","hentry"],"yoast_head":"<!-- This site is optimized with the Yoast SEO plugin v19.6.1 - https:\/\/yoast.com\/wordpress\/plugins\/seo\/ -->\n<title>Schedules - Logistics Company - Map International<\/title>\n<meta name=\"description\" content=\"Want to track your shipment? Looking for more information on incoterms or equipment? Track your order or get in touch with our team of experts today.\" \/>\n<meta name=\"robots\" content=\"index, follow, max-snippet:-1, max-image-preview:large, max-video-preview:-1\" \/>\n<link rel=\"canonical\" href=\"https:\/\/mapinternational.net.au\/fr\/services\/\" \/>\n<meta property=\"og:locale\" content=\"fr_FR\" \/>\n<meta property=\"og:type\" content=\"article\" \/>\n<meta property=\"og:title\" content=\"Schedules - Logistics Company - Map International\" \/>\n<meta property=\"og:description\" content=\"Want to track your shipment? Looking for more information on incoterms or equipment? Track your order or get in touch with our team of experts today.\" \/>\n<meta property=\"og:url\" content=\"https:\/\/mapinternational.net.au\/fr\/services\/\" \/>\n<meta property=\"og:site_name\" content=\"Map International\" \/>\n<meta property=\"article:modified_time\" content=\"2023-02-27T22:57:47+00:00\" \/>\n<meta property=\"og:image\" content=\"http:\/\/mapinternational.net.au\/wp-content\/uploads\/2023\/02\/inner-page-banner.jpg\" \/>\n<meta name=\"twitter:card\" content=\"summary_large_image\" \/>\n<meta name=\"twitter:label1\" content=\"Dur\u00e9e de lecture estim\u00e9e\" \/>\n\t<meta name=\"twitter:data1\" content=\"2 minutes\" \/>\n<script type=\"application\/ld+json\" class=\"yoast-schema-graph\">{\"@context\":\"https:\/\/schema.org\",\"@graph\":[{\"@type\":\"WebPage\",\"@id\":\"https:\/\/mapinternational.net.au\/services\/\",\"url\":\"https:\/\/mapinternational.net.au\/services\/\",\"name\":\"Schedules - Logistics Company - Map International\",\"isPartOf\":{\"@id\":\"https:\/\/mapinternational.net.au\/#website\"},\"datePublished\":\"2022-12-21T22:08:02+00:00\",\"dateModified\":\"2023-02-27T22:57:47+00:00\",\"description\":\"Want to track your shipment? Looking for more information on incoterms or equipment? Track your order or get in touch with our team of experts today.\",\"breadcrumb\":{\"@id\":\"https:\/\/mapinternational.net.au\/services\/#breadcrumb\"},\"inLanguage\":\"fr-FR\",\"potentialAction\":[{\"@type\":\"ReadAction\",\"target\":[\"https:\/\/mapinternational.net.au\/services\/\"]}]},{\"@type\":\"BreadcrumbList\",\"@id\":\"https:\/\/mapinternational.net.au\/services\/#breadcrumb\",\"itemListElement\":[{\"@type\":\"ListItem\",\"position\":1,\"name\":\"Home\",\"item\":\"https:\/\/mapinternational.net.au\/\"},{\"@type\":\"ListItem\",\"position\":2,\"name\":\"Services\"}]},{\"@type\":\"WebSite\",\"@id\":\"https:\/\/mapinternational.net.au\/#website\",\"url\":\"https:\/\/mapinternational.net.au\/\",\"name\":\"Map International\",\"description\":\"Express Courier | Freight Forwarding | Customs | Domestic Logistics\",\"publisher\":{\"@id\":\"https:\/\/mapinternational.net.au\/#organization\"},\"potentialAction\":[{\"@type\":\"SearchAction\",\"target\":{\"@type\":\"EntryPoint\",\"urlTemplate\":\"https:\/\/mapinternational.net.au\/?s={search_term_string}\"},\"query-input\":\"required name=search_term_string\"}],\"inLanguage\":\"fr-FR\"},{\"@type\":\"Organization\",\"@id\":\"https:\/\/mapinternational.net.au\/#organization\",\"name\":\"Map International\",\"url\":\"https:\/\/mapinternational.net.au\/\",\"sameAs\":[],\"logo\":{\"@type\":\"ImageObject\",\"inLanguage\":\"fr-FR\",\"@id\":\"https:\/\/mapinternational.net.au\/#\/schema\/logo\/image\/\",\"url\":\"https:\/\/mapinternational.net.au\/wp-content\/uploads\/2022\/10\/logo-1.svg\",\"contentUrl\":\"https:\/\/mapinternational.net.au\/wp-content\/uploads\/2022\/10\/logo-1.svg\",\"caption\":\"Map International\"},\"image\":{\"@id\":\"https:\/\/mapinternational.net.au\/#\/schema\/logo\/image\/\"}}]}<\/script>\n<!-- \/ Yoast SEO plugin. -->","yoast_head_json":{"title":"Schedules - Logistics Company - Map International","description":"Want to track your shipment? Looking for more information on incoterms or equipment? Track your order or get in touch with our team of experts today.","robots":{"index":"index","follow":"follow","max-snippet":"max-snippet:-1","max-image-preview":"max-image-preview:large","max-video-preview":"max-video-preview:-1"},"canonical":"https:\/\/mapinternational.net.au\/fr\/services\/","og_locale":"fr_FR","og_type":"article","og_title":"Schedules - Logistics Company - Map International","og_description":"Want to track your shipment? Looking for more information on incoterms or equipment? Track your order or get in touch with our team of experts today.","og_url":"https:\/\/mapinternational.net.au\/fr\/services\/","og_site_name":"Map International","article_modified_time":"2023-02-27T22:57:47+00:00","og_image":[{"url":"http:\/\/mapinternational.net.au\/wp-content\/uploads\/2023\/02\/inner-page-banner.jpg"}],"twitter_card":"summary_large_image","twitter_misc":{"Dur\u00e9e de lecture estim\u00e9e":"2 minutes"},"schema":{"@context":"https:\/\/schema.org","@graph":[{"@type":"WebPage","@id":"https:\/\/mapinternational.net.au\/services\/","url":"https:\/\/mapinternational.net.au\/services\/","name":"Schedules - Logistics Company - Map International","isPartOf":{"@id":"https:\/\/mapinternational.net.au\/#website"},"datePublished":"2022-12-21T22:08:02+00:00","dateModified":"2023-02-27T22:57:47+00:00","description":"Want to track your shipment? Looking for more information on incoterms or equipment? Track your order or get in touch with our team of experts today.","breadcrumb":{"@id":"https:\/\/mapinternational.net.au\/services\/#breadcrumb"},"inLanguage":"fr-FR","potentialAction":[{"@type":"ReadAction","target":["https:\/\/mapinternational.net.au\/services\/"]}]},{"@type":"BreadcrumbList","@id":"https:\/\/mapinternational.net.au\/services\/#breadcrumb","itemListElement":[{"@type":"ListItem","position":1,"name":"Home","item":"https:\/\/mapinternational.net.au\/"},{"@type":"ListItem","position":2,"name":"Services"}]},{"@type":"WebSite","@id":"https:\/\/mapinternational.net.au\/#website","url":"https:\/\/mapinternational.net.au\/","name":"Map International","description":"Express Courier | Freight Forwarding | Customs | Domestic Logistics","publisher":{"@id":"https:\/\/mapinternational.net.au\/#organization"},"potentialAction":[{"@type":"SearchAction","target":{"@type":"EntryPoint","urlTemplate":"https:\/\/mapinternational.net.au\/?s={search_term_string}"},"query-input":"required name=search_term_string"}],"inLanguage":"fr-FR"},{"@type":"Organization","@id":"https:\/\/mapinternational.net.au\/#organization","name":"Map International","url":"https:\/\/mapinternational.net.au\/","sameAs":[],"logo":{"@type":"ImageObject","inLanguage":"fr-FR","@id":"https:\/\/mapinternational.net.au\/#\/schema\/logo\/image\/","url":"https:\/\/mapinternational.net.au\/wp-content\/uploads\/2022\/10\/logo-1.svg","contentUrl":"https:\/\/mapinternational.net.au\/wp-content\/uploads\/2022\/10\/logo-1.svg","caption":"Map International"},"image":{"@id":"https:\/\/mapinternational.net.au\/#\/schema\/logo\/image\/"}}]}},"_links":{"self":[{"href":"https:\/\/mapinternational.net.au\/fr\/wp-json\/wp\/v2\/pages\/1438","targetHints":{"allow":["GET"]}}],"collection":[{"href":"https:\/\/mapinternational.net.au\/fr\/wp-json\/wp\/v2\/pages"}],"about":[{"href":"https:\/\/mapinternational.net.au\/fr\/wp-json\/wp\/v2\/types\/page"}],"author":[{"embeddable":true,"href":"https:\/\/mapinternational.net.au\/fr\/wp-json\/wp\/v2\/users\/1"}],"replies":[{"embeddable":true,"href":"https:\/\/mapinternational.net.au\/fr\/wp-json\/wp\/v2\/comments?post=1438"}],"version-history":[{"count":73,"href":"https:\/\/mapinternational.net.au\/fr\/wp-json\/wp\/v2\/pages\/1438\/revisions"}],"predecessor-version":[{"id":1758,"href":"https:\/\/mapinternational.net.au\/fr\/wp-json\/wp\/v2\/pages\/1438\/revisions\/1758"}],"wp:attachment":[{"href":"https:\/\/mapinternational.net.au\/fr\/wp-json\/wp\/v2\/media?parent=1438"}],"curies":[{"name":"wp","href":"https:\/\/api.w.org\/{rel}","templated":true}]}}